{"id":23,"date":"2024-05-27T09:49:05","date_gmt":"2024-05-27T07:49:05","guid":{"rendered":"http:\/\/alliancechinoise.fr\/?page_id=23"},"modified":"2025-01-13T13:25:49","modified_gmt":"2025-01-13T12:25:49","slug":"ateliers","status":"publish","type":"page","link":"http:\/\/alliancechinoise.fr\/index.php\/ateliers\/","title":{"rendered":"Ateliers"},"content":{"rendered":"\n<div class=\"wp-block-group alignfull has-global-padding is-layout-constrained wp-container-core-group-is-layout-490fa1db wp-block-group-is-layout-constrained\" style=\"padding-top:var(--wp--preset--spacing--50);padding-right:var(--wp--preset--spacing--50);padding-bottom:var(--wp--preset--spacing--50);padding-left:var(--wp--preset--spacing--50)\">\n<div class=\"wp-block-group has-global-padding is-layout-constrained wp-container-core-group-is-layout-650790e1 wp-block-group-is-layout-constrained\">\n<h1 class=\"wp-block-heading has-text-align-center has-x-large-font-size\">Nous proposons des ateliers tout au long de l&#8217;ann\u00e9e sur les langue et culture chinoises.<\/h1>\n<\/div>\n\n\n\n<p class=\"has-text-align-center\">Bienvenue sur la page de nos ateliers culturels et artistiques ! L\u2019Alliance Chinoise vous invite \u00e0 d\u00e9couvrir la richesse et la diversit\u00e9 de la culture chinoise \u00e0 travers des activit\u00e9s accessibles \u00e0 tous, quel que soit votre niveau ou votre exp\u00e9rience.<\/p>\n\n\n\n<div class=\"wp-block-group has-global-padding is-layout-constrained wp-container-core-group-is-layout-650790e1 wp-block-group-is-layout-constrained\">\n<div style=\"height:1.25rem\" aria-hidden=\"true\" class=\"wp-block-spacer\"><\/div>\n\n\n\n<p class=\"has-text-align-left\"><strong>Nos ateliers phares :<\/strong><\/p>\n\n\n\n<div style=\"height:1.25rem\" aria-hidden=\"true\" class=\"wp-block-spacer\"><\/div>\n\n\n\n<div class=\"wp-block-buttons is-content-justification-center is-layout-flex wp-container-core-buttons-is-layout-a89b3969 wp-block-buttons-is-layout-flex\">\n<div class=\"wp-block-button\"><a class=\"wp-block-button__link wp-element-button\">Atelier <strong>Langue et \u00c9criture Chinoises<\/strong><\/a><\/div>\n<\/div>\n<\/div>\n\n\n\n<figure class=\"wp-block-image size-full is-resized\"><img loading=\"lazy\" decoding=\"async\" width=\"1438\" height=\"2560\" src=\"http:\/\/alliancechinoise.fr\/wp-content\/uploads\/2025\/01\/IMG_20171001_115740-scaled.jpg\" alt=\"\" class=\"wp-image-152\" style=\"width:620px;height:auto\" srcset=\"http:\/\/alliancechinoise.fr\/wp-content\/uploads\/2025\/01\/IMG_20171001_115740-scaled.jpg 1438w, http:\/\/alliancechinoise.fr\/wp-content\/uploads\/2025\/01\/IMG_20171001_115740-168x300.jpg 168w, http:\/\/alliancechinoise.fr\/wp-content\/uploads\/2025\/01\/IMG_20171001_115740-575x1024.jpg 575w, http:\/\/alliancechinoise.fr\/wp-content\/uploads\/2025\/01\/IMG_20171001_115740-768x1368.jpg 768w, http:\/\/alliancechinoise.fr\/wp-content\/uploads\/2025\/01\/IMG_20171001_115740-863x1536.jpg 863w, http:\/\/alliancechinoise.fr\/wp-content\/uploads\/2025\/01\/IMG_20171001_115740-1150x2048.jpg 1150w\" sizes=\"auto, (max-width: 1438px) 100vw, 1438px\" \/><\/figure>\n\n\n\n<p>Initiez-vous \u00e0 la langue chinoise ou approfondissez vos connaissances gr\u00e2ce \u00e0 des cours adapt\u00e9s \u00e0 votre niveau (d\u00e9butant, interm\u00e9diaire, avanc\u00e9). Vous d\u00e9couvrirez les subtilit\u00e9s de la grammaire, de la prononciation, et la beaut\u00e9 des sinogrammes.<\/p>\n\n\n\n<ul class=\"wp-block-list\">\n<li><strong>Introduction aux sinogrammes<\/strong> : Comprendre la logique des caract\u00e8res chinois et leurs significations.<\/li>\n<\/ul>\n\n\n\n<div class=\"wp-block-group has-global-padding is-layout-constrained wp-container-core-group-is-layout-650790e1 wp-block-group-is-layout-constrained\">\n<div class=\"wp-block-buttons is-content-justification-center is-layout-flex wp-container-core-buttons-is-layout-a89b3969 wp-block-buttons-is-layout-flex\">\n<div class=\"wp-block-button\"><a class=\"wp-block-button__link wp-element-button\"><strong>C\u00e9r\u00e9monie du Th\u00e9 Chinois<\/strong><\/a><\/div>\n<\/div>\n<\/div>\n\n\n\n<figure class=\"wp-block-image size-large\"><img loading=\"lazy\" decoding=\"async\" width=\"1024\" height=\"575\" src=\"http:\/\/alliancechinoise.fr\/wp-content\/uploads\/2025\/01\/IMG_20170930_165610-1024x575.jpg\" alt=\"\" class=\"wp-image-143\" srcset=\"http:\/\/alliancechinoise.fr\/wp-content\/uploads\/2025\/01\/IMG_20170930_165610-1024x575.jpg 1024w, http:\/\/alliancechinoise.fr\/wp-content\/uploads\/2025\/01\/IMG_20170930_165610-300x168.jpg 300w, http:\/\/alliancechinoise.fr\/wp-content\/uploads\/2025\/01\/IMG_20170930_165610-768x431.jpg 768w, http:\/\/alliancechinoise.fr\/wp-content\/uploads\/2025\/01\/IMG_20170930_165610-1536x863.jpg 1536w, http:\/\/alliancechinoise.fr\/wp-content\/uploads\/2025\/01\/IMG_20170930_165610-2048x1150.jpg 2048w\" sizes=\"auto, (max-width: 1024px) 100vw, 1024px\" \/><\/figure>\n\n\n\n<p class=\"has-text-align-left\">D\u00e9couvrez l\u2019art du th\u00e9 chinois, une pratique raffin\u00e9e qui combine traditions, esth\u00e9tisme et d\u00e9gustation. Cet atelier vous initiera \u00e0 l\u2019utilisation des accessoires, aux diff\u00e9rents types de th\u00e9s et aux gestes pr\u00e9cis de la c\u00e9r\u00e9monie.<\/p>\n\n\n\n<ul class=\"wp-block-list\">\n<li>Pr\u00e9sentation des vari\u00e9t\u00e9s de th\u00e9s chinois.<\/li>\n\n\n\n<li>Techniques de pr\u00e9paration et d\u2019infusion.<\/li>\n\n\n\n<li>Exp\u00e9rience sensorielle et \u00e9changes.<\/li>\n<\/ul>\n\n\n\n<div class=\"wp-block-buttons is-content-justification-center is-layout-flex wp-container-core-buttons-is-layout-a89b3969 wp-block-buttons-is-layout-flex\">\n<div class=\"wp-block-button\"><a class=\"wp-block-button__link wp-element-button\">Atelier de calligraphie chinois<\/a><\/div>\n<\/div>\n\n\n\n<figure class=\"wp-block-image size-full\"><img loading=\"lazy\" decoding=\"async\" width=\"2560\" height=\"1438\" src=\"http:\/\/alliancechinoise.fr\/wp-content\/uploads\/2025\/01\/IMG_20170930_152855-scaled.jpg\" alt=\"\" class=\"wp-image-150\" srcset=\"http:\/\/alliancechinoise.fr\/wp-content\/uploads\/2025\/01\/IMG_20170930_152855-scaled.jpg 2560w, http:\/\/alliancechinoise.fr\/wp-content\/uploads\/2025\/01\/IMG_20170930_152855-300x168.jpg 300w, http:\/\/alliancechinoise.fr\/wp-content\/uploads\/2025\/01\/IMG_20170930_152855-1024x575.jpg 1024w, http:\/\/alliancechinoise.fr\/wp-content\/uploads\/2025\/01\/IMG_20170930_152855-768x431.jpg 768w, http:\/\/alliancechinoise.fr\/wp-content\/uploads\/2025\/01\/IMG_20170930_152855-1536x863.jpg 1536w, http:\/\/alliancechinoise.fr\/wp-content\/uploads\/2025\/01\/IMG_20170930_152855-2048x1150.jpg 2048w\" sizes=\"auto, (max-width: 2560px) 100vw, 2560px\" \/><\/figure>\n\n\n\n<p>Plongez dans l\u2019art ancestral de l\u2019\u00e9criture \u00e0 l\u2019encre. Cet atelier vous initiera aux techniques traditionnelles et \u00e0 la signification culturelle de la calligraphie.<\/p>\n\n\n\n<ul class=\"wp-block-list\">\n<li>Manipulation du pinceau et de l\u2019encre.<\/li>\n\n\n\n<li>Apprentissage des traits fondamentaux et des caract\u00e8res de base.<\/li>\n<\/ul>\n\n\n\n<div style=\"height:0px\" aria-hidden=\"true\" class=\"wp-block-spacer\"><\/div>\n\n\n\n<div class=\"wp-block-buttons is-content-justification-center is-layout-flex wp-container-core-buttons-is-layout-a89b3969 wp-block-buttons-is-layout-flex\">\n<div class=\"wp-block-button\"><a class=\"wp-block-button__link has-text-align-center wp-element-button\"><strong>C\u00e9r\u00e9monie de l\u2019Encens<\/strong><\/a><\/div>\n<\/div>\n\n\n\n<div class=\"wp-block-columns is-layout-flex wp-container-core-columns-is-layout-28f84493 wp-block-columns-is-layout-flex\">\n<div class=\"wp-block-column is-layout-flow wp-block-column-is-layout-flow\" style=\"flex-basis:100%\">\n<figure class=\"wp-block-image aligncenter size-full is-resized\"><img loading=\"lazy\" decoding=\"async\" width=\"2560\" height=\"1438\" src=\"http:\/\/alliancechinoise.fr\/wp-content\/uploads\/2025\/01\/IMG_20160701_053324-edited-scaled.jpg\" alt=\"\" class=\"wp-image-146\" style=\"width:496px;height:auto\" srcset=\"http:\/\/alliancechinoise.fr\/wp-content\/uploads\/2025\/01\/IMG_20160701_053324-edited-scaled.jpg 2560w, http:\/\/alliancechinoise.fr\/wp-content\/uploads\/2025\/01\/IMG_20160701_053324-edited-300x168.jpg 300w, http:\/\/alliancechinoise.fr\/wp-content\/uploads\/2025\/01\/IMG_20160701_053324-edited-1024x575.jpg 1024w, http:\/\/alliancechinoise.fr\/wp-content\/uploads\/2025\/01\/IMG_20160701_053324-edited-768x431.jpg 768w, http:\/\/alliancechinoise.fr\/wp-content\/uploads\/2025\/01\/IMG_20160701_053324-edited-1536x863.jpg 1536w, http:\/\/alliancechinoise.fr\/wp-content\/uploads\/2025\/01\/IMG_20160701_053324-edited-2048x1150.jpg 2048w\" sizes=\"auto, (max-width: 2560px) 100vw, 2560px\" \/><\/figure>\n<\/div>\n<\/div>\n\n\n\n<p>Apprenez \u00e0 appr\u00e9cier l\u2019art de l\u2019encens, un rituel ancestral associ\u00e9 \u00e0 la m\u00e9ditation et \u00e0 la purification de l\u2019esprit. Cet atelier vous permettra d\u2019explorer les diff\u00e9rentes techniques et significations li\u00e9es \u00e0 cet art subtil.<\/p>\n\n\n\n<ul class=\"wp-block-list\">\n<li>Histoire et philosophie de la c\u00e9r\u00e9monie de l\u2019encens.<\/li>\n\n\n\n<li>Pr\u00e9paration et manipulation des mat\u00e9riaux.<\/li>\n\n\n\n<li>Exp\u00e9rience pratique et moments de m\u00e9ditation.<\/li>\n<\/ul>\n\n\n\n<div style=\"height:var(--wp--preset--spacing--30)\" aria-hidden=\"true\" class=\"wp-block-spacer\"><\/div>\n\n\n\n<figure class=\"wp-block-image alignwide size-full is-style-rounded is-style-rounded--1\"><img loading=\"lazy\" decoding=\"async\" width=\"2560\" height=\"1676\" src=\"http:\/\/alliancechinoise.fr\/wp-content\/uploads\/2025\/01\/IMG_20170101_131810-scaled.jpg\" alt=\"\" class=\"wp-image-144\" srcset=\"http:\/\/alliancechinoise.fr\/wp-content\/uploads\/2025\/01\/IMG_20170101_131810-scaled.jpg 2560w, http:\/\/alliancechinoise.fr\/wp-content\/uploads\/2025\/01\/IMG_20170101_131810-300x196.jpg 300w, http:\/\/alliancechinoise.fr\/wp-content\/uploads\/2025\/01\/IMG_20170101_131810-1024x670.jpg 1024w, http:\/\/alliancechinoise.fr\/wp-content\/uploads\/2025\/01\/IMG_20170101_131810-768x503.jpg 768w, http:\/\/alliancechinoise.fr\/wp-content\/uploads\/2025\/01\/IMG_20170101_131810-1536x1006.jpg 1536w, http:\/\/alliancechinoise.fr\/wp-content\/uploads\/2025\/01\/IMG_20170101_131810-2048x1341.jpg 2048w\" sizes=\"auto, (max-width: 2560px) 100vw, 2560px\" \/><\/figure>\n<\/div>\n\n\n\n<div class=\"wp-block-group alignfull has-base-2-background-color has-background has-global-padding is-layout-constrained wp-container-core-group-is-layout-669513ed wp-block-group-is-layout-constrained\" style=\"margin-top:0;margin-bottom:0;padding-top:var(--wp--preset--spacing--50);padding-right:var(--wp--preset--spacing--50);padding-bottom:var(--wp--preset--spacing--50);padding-left:var(--wp--preset--spacing--50)\">\n<div class=\"wp-block-group is-vertical is-content-justification-center is-layout-flex wp-container-core-group-is-layout-52b864f0 wp-block-group-is-layout-flex\">\n<div style=\"height:0px\" aria-hidden=\"true\" class=\"wp-block-spacer wp-container-content-4f2ccadb\"><\/div>\n\n\n\n<p class=\"has-text-align-center\"><strong>Autres ateliers en collaboration<\/strong><\/p>\n<\/div>\n\n\n\n<div style=\"margin-top:0;margin-bottom:0;height:33px\" aria-hidden=\"true\" class=\"wp-block-spacer\"><\/div>\n\n\n\n<p>En plus des activit\u00e9s anim\u00e9es par nos expertes, l\u2019Alliance Chinoise propose d\u2019autres ateliers en partenariat avec des intervenants sp\u00e9cialistes :<\/p>\n\n\n\n<div class=\"wp-block-columns alignwide is-layout-flex wp-container-core-columns-is-layout-d0bbbce0 wp-block-columns-is-layout-flex\">\n<div class=\"wp-block-column is-layout-flow wp-container-core-column-is-layout-e3d1c41b wp-block-column-is-layout-flow\">\n<p class=\"has-text-align-left\"><strong>Cuisine chinoise<\/strong> : <\/p>\n\n\n\n<p class=\"has-text-align-left\">R\u00e9alisez des plats authentiques et apprenez les secrets de la gastronomie chinoise.<\/p>\n<\/div>\n\n\n\n<div class=\"wp-block-column is-layout-flow wp-container-core-column-is-layout-e3d1c41b wp-block-column-is-layout-flow\">\n<p class=\"has-text-align-left\"><strong>Peinture traditionnelle<\/strong> : <\/p>\n\n\n\n<p class=\"has-text-align-left\">Initiez-vous aux techniques artistiques \u00e0 l\u2019encre.<\/p>\n<\/div>\n\n\n\n<div class=\"wp-block-column is-layout-flow wp-container-core-column-is-layout-e3d1c41b wp-block-column-is-layout-flow\">\n<p class=\"has-text-align-left\"><strong>Astrologie et traditions<\/strong> : <\/p>\n\n\n\n<p class=\"has-text-align-left\">D\u00e9couvrez les myst\u00e8res du zodiaque chinois et des c\u00e9l\u00e9brations festives.<\/p>\n<\/div>\n<\/div>\n\n\n\n<div class=\"wp-block-columns alignwide is-layout-flex wp-container-core-columns-is-layout-d0bbbce0 wp-block-columns-is-layout-flex\">\n<div class=\"wp-block-column is-layout-flow wp-container-core-column-is-layout-e3d1c41b wp-block-column-is-layout-flow\">\n<figure class=\"wp-block-image size-large is-resized\"><img loading=\"lazy\" decoding=\"async\" width=\"1024\" height=\"575\" src=\"http:\/\/alliancechinoise.fr\/wp-content\/uploads\/2025\/01\/IMG_20170929_102815-1024x575.jpg\" alt=\"\" class=\"wp-image-148\" style=\"width:1059px;height:auto\" srcset=\"http:\/\/alliancechinoise.fr\/wp-content\/uploads\/2025\/01\/IMG_20170929_102815-1024x575.jpg 1024w, http:\/\/alliancechinoise.fr\/wp-content\/uploads\/2025\/01\/IMG_20170929_102815-300x168.jpg 300w, http:\/\/alliancechinoise.fr\/wp-content\/uploads\/2025\/01\/IMG_20170929_102815-768x431.jpg 768w, http:\/\/alliancechinoise.fr\/wp-content\/uploads\/2025\/01\/IMG_20170929_102815-1536x863.jpg 1536w, http:\/\/alliancechinoise.fr\/wp-content\/uploads\/2025\/01\/IMG_20170929_102815-2048x1150.jpg 2048w\" sizes=\"auto, (max-width: 1024px) 100vw, 1024px\" \/><\/figure>\n<\/div>\n<\/div>\n<\/div>\n\n\n\n<div class=\"wp-block-group alignwide has-base-2-background-color has-background has-global-padding is-layout-constrained wp-container-core-group-is-layout-39412042 wp-block-group-is-layout-constrained\" style=\"border-radius:16px;padding-top:var(--wp--preset--spacing--40);padding-right:var(--wp--preset--spacing--50);padding-bottom:var(--wp--preset--spacing--40);padding-left:var(--wp--preset--spacing--50)\">\n<h2 class=\"wp-block-heading has-text-align-center has-x-large-font-size\">Inscrivez-vous:<\/h2>\n\n\n\n<div class=\"wp-block-buttons is-content-justification-center is-layout-flex wp-container-core-buttons-is-layout-a89b3969 wp-block-buttons-is-layout-flex\">\n<div class=\"wp-block-button\"><a class=\"wp-block-button__link wp-element-button\" href=\"https:\/\/forms.gle\/1ZhqCPiRcgmJcXEC6\">S\u2019inscrire<\/a><\/div>\n<\/div>\n<\/div>\n\n\n\n<hr class=\"wp-block-separator has-alpha-channel-opacity\"\/>\n\n\n\n<h3 class=\"wp-block-heading has-text-align-center\"><strong>Informations utiles :<\/strong><\/h3>\n\n\n\n<ul class=\"wp-block-list\">\n<li><strong>Horaires :<\/strong> Les horaires et dates de chaque atelier sont disponibles sur la page <a href=\"https:\/\/www.alliancechinoise.org\/calendrier\">Calendrier des Ateliers<\/a>.<\/li>\n\n\n\n<li><strong>Lieu :<\/strong> Tous nos ateliers se d\u00e9roulent \u00e0 des lieux variables, d\u00e9termin\u00e9s en fonction de chaque activit\u00e9 sp\u00e9cifique. Veuillez vous r\u00e9f\u00e9rer aux informations indiqu\u00e9s en ligne.<\/li>\n\n\n\n<li><strong>Tarifs :<\/strong> Consultez les tarifs des ateliers directement sur la page d\u2019inscription ou dans notre brochure en ligne.<\/li>\n<\/ul>\n\n\n\n<hr class=\"wp-block-separator has-alpha-channel-opacity\"\/>\n\n\n\n<h3 class=\"wp-block-heading has-text-align-center\"><strong>Contactez-nous :<\/strong><\/h3>\n\n\n\n<p class=\"has-text-align-center\">Si vous avez des questions ou besoin d\u2019aide pour vous inscrire, n\u2019h\u00e9sitez pas \u00e0 nous contacter par e-mail: info@alliancechinoise@fr.<\/p>\n\n\n\n<p class=\"has-text-align-center\">Nous avons h\u00e2te de vous accueillir dans nos ateliers et de partager ensemble des moments inoubliables !<\/p>\n\n\n\n<p class=\"has-text-align-center\"><strong>L\u2019Alliance Chinoise \u2013 O\u00f9 la culture rapproche les c\u0153urs et les esprits.<\/strong><\/p>\n\n\n\n<figure class=\"wp-block-video\"><video height=\"1080\" style=\"aspect-ratio: 1080 \/ 1080;\" width=\"1080\" controls src=\"http:\/\/alliancechinoise.fr\/wp-content\/uploads\/2025\/01\/rejoignez-moi.mp4\"><\/video><\/figure>\n","protected":false},"excerpt":{"rendered":"<p>Nous proposons des ateliers tout au long de l&#8217;ann\u00e9e sur les langue et culture chinoises. Bienvenue sur la page de nos ateliers culturels et artistiques ! L\u2019Alliance Chinoise vous invite \u00e0 d\u00e9couvrir la richesse et la diversit\u00e9 de la culture chinoise \u00e0 travers des activit\u00e9s accessibles \u00e0 tous, quel que soit votre niveau ou votre [&hellip;]<\/p>\n","protected":false},"author":1,"featured_media":0,"parent":0,"menu_order":0,"comment_status":"closed","ping_status":"closed","template":"","meta":{"footnotes":""},"class_list":["post-23","page","type-page","status-publish","hentry"],"_links":{"self":[{"href":"http:\/\/alliancechinoise.fr\/index.php\/wp-json\/wp\/v2\/pages\/23","targetHints":{"allow":["GET"]}}],"collection":[{"href":"http:\/\/alliancechinoise.fr\/index.php\/wp-json\/wp\/v2\/pages"}],"about":[{"href":"http:\/\/alliancechinoise.fr\/index.php\/wp-json\/wp\/v2\/types\/page"}],"author":[{"embeddable":true,"href":"http:\/\/alliancechinoise.fr\/index.php\/wp-json\/wp\/v2\/users\/1"}],"replies":[{"embeddable":true,"href":"http:\/\/alliancechinoise.fr\/index.php\/wp-json\/wp\/v2\/comments?post=23"}],"version-history":[{"count":14,"href":"http:\/\/alliancechinoise.fr\/index.php\/wp-json\/wp\/v2\/pages\/23\/revisions"}],"predecessor-version":[{"id":330,"href":"http:\/\/alliancechinoise.fr\/index.php\/wp-json\/wp\/v2\/pages\/23\/revisions\/330"}],"wp:attachment":[{"href":"http:\/\/alliancechinoise.fr\/index.php\/wp-json\/wp\/v2\/media?parent=23"}],"curies":[{"name":"wp","href":"https:\/\/api.w.org\/{rel}","templated":true}]}}