{"id":2,"date":"2024-05-26T23:16:35","date_gmt":"2024-05-26T21:16:35","guid":{"rendered":"http:\/\/alliancechinoise.fr\/?page_id=2"},"modified":"2025-01-11T15:29:24","modified_gmt":"2025-01-11T14:29:24","slug":"histoire","status":"publish","type":"page","link":"http:\/\/alliancechinoise.fr\/index.php\/histoire\/","title":{"rendered":"Notre histoire"},"content":{"rendered":"\n<p>Sois le bienvenu sur le site de l&#8217;Alliance chinoise-SRBS, l&#8217;endroit de toutes les ressources pour apprendre la langue chinoise et vivre la culture chinoise. Notre objet est le suivant :<\/p>\n\n\n\n<blockquote class=\"wp-block-quote is-layout-flow wp-block-quote-is-layout-flow\">\n<p>Cette association a pour objet de d\u00e9velopper en France et dans le monde l\u2019enseignement de la langue et de la culture chinoise.<br>Cet enseignement sera dispens\u00e9 au travers d\u2019\u00e9tablissements d\u2019enseignement dont<br>l\u2019association assurera la responsabilit\u00e9 de conseil p\u00e9dagogique et culturel.<br>Cet enseignement est organis\u00e9 dans le cadre de la formation initiale, de la formation continue et de la formation professionnelle.<br>L\u2019association pourra, pour les besoins de la r\u00e9alisation de son objet social, acqu\u00e9rir, louer, am\u00e9nager, am\u00e9liorer, entretenir les locaux \u00e0 usage scolaire et parascolaire.<\/p>\n<cite>Statuts de l&#8217;association &#8220;Alliance Chinoise&#8221;.<\/cite><\/blockquote>\n\n\n\n<hr class=\"wp-block-separator has-alpha-channel-opacity\"\/>\n\n\n\n<figure class=\"wp-block-image size-large\"><img loading=\"lazy\" decoding=\"async\" width=\"1024\" height=\"768\" src=\"http:\/\/alliancechinoise.fr\/wp-content\/uploads\/2025\/01\/IMG_20190930_172902-1024x768.jpg\" alt=\"\" class=\"wp-image-196\" srcset=\"http:\/\/alliancechinoise.fr\/wp-content\/uploads\/2025\/01\/IMG_20190930_172902-1024x768.jpg 1024w, http:\/\/alliancechinoise.fr\/wp-content\/uploads\/2025\/01\/IMG_20190930_172902-300x225.jpg 300w, http:\/\/alliancechinoise.fr\/wp-content\/uploads\/2025\/01\/IMG_20190930_172902-768x576.jpg 768w, http:\/\/alliancechinoise.fr\/wp-content\/uploads\/2025\/01\/IMG_20190930_172902-1536x1152.jpg 1536w, http:\/\/alliancechinoise.fr\/wp-content\/uploads\/2025\/01\/IMG_20190930_172902-2048x1536.jpg 2048w\" sizes=\"auto, (max-width: 1024px) 100vw, 1024px\" \/><\/figure>\n\n\n\n<h3 class=\"wp-block-heading\"><strong>Histoire de l\u2019Alliance Chinoise-SRBS<\/strong><\/h3>\n\n\n\n<p>Fond\u00e9e avec la vision de cr\u00e9er des ponts culturels et \u00e9ducatifs entre la Chine et les pays francophones, l\u2019<strong>Alliance Chinoise<\/strong> s\u2019est rapidement impos\u00e9e comme un acteur cl\u00e9 dans la promotion de la langue et de la culture chinoises sur la sc\u00e8ne internationale. Depuis sa cr\u00e9ation, l\u2019association s\u2019est donn\u00e9e pour mission de r\u00e9pondre \u00e0 une demande croissante d\u2019apprentissage du chinois et de compr\u00e9hension de la culture chinoise, tout en favorisant les \u00e9changes interculturels.<\/p>\n\n\n\n<h3 class=\"wp-block-heading\"><strong>Les d\u00e9buts : une passion pour l&#8217;\u00e9ducation et la culture<\/strong><\/h3>\n\n\n\n<p>D\u00e8s ses premiers jours, l\u2019Alliance Chinoise s\u2019est consacr\u00e9e \u00e0 la cr\u00e9ation d\u2019espaces d\u2019apprentissage accessibles \u00e0 tous, que ce soit pour les \u00e9tudiants, les professionnels ou les passionn\u00e9s de la culture chinoise. Des cours de langue adapt\u00e9s \u00e0 tous les niveaux, des ateliers culturels et des \u00e9v\u00e9nements th\u00e9matiques ont \u00e9t\u00e9 propos\u00e9s pour immerger les apprenants dans les multiples facettes de la Chine.<\/p>\n\n\n\n<h3 class=\"wp-block-heading\"><strong>Le tournant vers l\u2019international : collaborations et innovations<\/strong><\/h3>\n\n\n\n<p>Au fil des ans, l\u2019Alliance Chinoise a multipli\u00e9 les partenariats avec des institutions \u00e9ducatives, des entreprises et des organisations internationales. Ces collaborations ont permis de renforcer son rayonnement \u00e0 l\u2019international, en particulier dans les pays francophones d\u2019Europe, d\u2019Afrique et d\u2019Asie.<\/p>\n\n\n\n<p>L\u2019association a \u00e9galement innov\u00e9 dans ses m\u00e9thodes p\u00e9dagogiques, int\u00e9grant des outils num\u00e9riques pour offrir des cours de chinois en ligne. Cette transition vers le num\u00e9rique a \u00e9t\u00e9 particuli\u00e8rement marquante avec le lancement de nouvelles plateformes d\u2019apprentissage adapt\u00e9es aux besoins sp\u00e9cifiques des apprenants, notamment dans le domaine du chinois des affaires.<\/p>\n\n\n\n<figure class=\"wp-block-image size-full is-resized\"><img loading=\"lazy\" decoding=\"async\" width=\"326\" height=\"167\" src=\"http:\/\/alliancechinoise.fr\/wp-content\/uploads\/2025\/01\/Image1.jpg\" alt=\"\" class=\"wp-image-198\" style=\"width:619px;height:auto\" srcset=\"http:\/\/alliancechinoise.fr\/wp-content\/uploads\/2025\/01\/Image1.jpg 326w, http:\/\/alliancechinoise.fr\/wp-content\/uploads\/2025\/01\/Image1-300x154.jpg 300w\" sizes=\"auto, (max-width: 326px) 100vw, 326px\" \/><\/figure>\n\n\n\n<h3 class=\"wp-block-heading\"><strong>2021 : Un partenariat strat\u00e9gique pour l\u2019enseignement du chinois des affaires<\/strong><\/h3>\n\n\n\n<p>Le 13 d\u00e9cembre 2021 a marqu\u00e9 une \u00e9tape cl\u00e9 dans l\u2019histoire de l\u2019Alliance Chinoise avec l\u2019inauguration de la plateforme <strong>&#8220;Classe de chinois en ligne de la Silk Road Business School&#8221;<\/strong>, en partenariat avec la Silk Road Business School. Ce projet ambitieux vise \u00e0 offrir un enseignement haut de gamme en &#8220;chinois des affaires&#8221;, con\u00e7u sp\u00e9cialement pour les professionnels et \u00e9tudiants des pays francophones.<\/p>\n\n\n\n<p>S\u2019appuyant sur les &#8220;Normes de niveau de comp\u00e9tence en chinois pour l\u2019\u00e9ducation internationale&#8221;, cette initiative a pour objectif de fournir des ressources p\u00e9dagogiques riches, vari\u00e9es et adapt\u00e9es. Elle s\u2019adresse principalement aux chambres de commerce, aux \u00e9coles de commerce renomm\u00e9es et aux professionnels souhaitant approfondir leurs comp\u00e9tences linguistiques et culturelles pour mieux collaborer avec leurs homologues chinois.<\/p>\n\n\n\n<figure class=\"wp-block-image size-large\"><img loading=\"lazy\" decoding=\"async\" width=\"576\" height=\"1024\" src=\"http:\/\/alliancechinoise.fr\/wp-content\/uploads\/2025\/01\/461497262_8599149343501865_8632903170910068454_n-576x1024.jpg\" alt=\"\" class=\"wp-image-199\" srcset=\"http:\/\/alliancechinoise.fr\/wp-content\/uploads\/2025\/01\/461497262_8599149343501865_8632903170910068454_n-576x1024.jpg 576w, http:\/\/alliancechinoise.fr\/wp-content\/uploads\/2025\/01\/461497262_8599149343501865_8632903170910068454_n-169x300.jpg 169w, http:\/\/alliancechinoise.fr\/wp-content\/uploads\/2025\/01\/461497262_8599149343501865_8632903170910068454_n-768x1365.jpg 768w, http:\/\/alliancechinoise.fr\/wp-content\/uploads\/2025\/01\/461497262_8599149343501865_8632903170910068454_n-864x1536.jpg 864w, http:\/\/alliancechinoise.fr\/wp-content\/uploads\/2025\/01\/461497262_8599149343501865_8632903170910068454_n.jpg 1080w\" sizes=\"auto, (max-width: 576px) 100vw, 576px\" \/><\/figure>\n\n\n\n<h3 class=\"wp-block-heading\"><strong>Octobre 2024 : Participation au Salon du Livre de Selles-sur-Cher<\/strong><\/h3>\n\n\n\n<p>En octobre 2024, l\u2019Alliance Chinoise a franchi une nouvelle \u00e9tape dans sa mission de partage culturel en participant au prestigieux <strong>Salon du Livre de Selles-sur-Cher<\/strong>. \u00c0 cette occasion, l\u2019association a inaugur\u00e9 une <strong>salle d\u00e9di\u00e9e \u00e0 la culture chinoise<\/strong>, offrant aux visiteurs une immersion unique dans la richesse de la litt\u00e9rature, des arts et des traditions chinoises.<\/p>\n\n\n\n<p>Cette salle sp\u00e9ciale a permis de mettre en lumi\u00e8re des \u0153uvres litt\u00e9raires chinoises traduites en fran\u00e7ais, des d\u00e9monstrations artistiques traditionnelles, ainsi que des \u00e9changes anim\u00e9s sur les similitudes et diff\u00e9rences entre les cultures chinoise et francophone. Cet \u00e9v\u00e9nement a renforc\u00e9 la visibilit\u00e9 de l\u2019Alliance Chinoise et a consolid\u00e9 son r\u00f4le dans la promotion des \u00e9changes culturels.<\/p>\n\n\n\n<figure class=\"wp-block-video\"><video height=\"1080\" style=\"aspect-ratio: 1920 \/ 1080;\" width=\"1920\" controls src=\"http:\/\/alliancechinoise.fr\/wp-content\/uploads\/2025\/01\/VID_20241005_104935.mp4\"><\/video><\/figure>\n\n\n\n<h3 class=\"wp-block-heading\"><strong>Une vision pour l\u2019avenir<\/strong><\/h3>\n\n\n\n<p>L\u2019Alliance Chinoise continue d\u2019\u00e9largir son influence en renfor\u00e7ant les liens entre les communaut\u00e9s chinoises et francophones. En plus de ses activit\u00e9s \u00e9ducatives, elle joue un r\u00f4le essentiel dans la promotion des \u00e9changes \u00e9conomiques et culturels, en cr\u00e9ant des opportunit\u00e9s pour les acteurs des milieux d\u2019affaires et culturels internationaux de d\u00e9couvrir, comprendre et interagir avec la Chine moderne.<\/p>\n\n\n\n<p>Port\u00e9e par sa mission d\u2019excellence \u00e9ducative et d\u2019ouverture culturelle, l\u2019Alliance Chinoise se positionne comme un acteur incontournable dans le d\u00e9veloppement des relations sino-francophones. Elle incarne une vision o\u00f9 l\u2019\u00e9ducation et le dialogue sont les cl\u00e9s d\u2019un avenir partag\u00e9, riche en opportunit\u00e9s et en compr\u00e9hension mutuelle.<\/p>\n\n\n\n<p><\/p>\n","protected":false},"excerpt":{"rendered":"<p>Sois le bienvenu sur le site de l&#8217;Alliance chinoise-SRBS, l&#8217;endroit de toutes les ressources pour apprendre la langue chinoise et vivre la culture chinoise. Notre objet est le suivant : Cette association a pour objet de d\u00e9velopper en France et dans le monde l\u2019enseignement de la langue et de la culture chinoise.Cet enseignement sera dispens\u00e9 [&hellip;]<\/p>\n","protected":false},"author":1,"featured_media":0,"parent":0,"menu_order":0,"comment_status":"closed","ping_status":"closed","template":"","meta":{"footnotes":""},"class_list":["post-2","page","type-page","status-publish","hentry"],"_links":{"self":[{"href":"http:\/\/alliancechinoise.fr\/index.php\/wp-json\/wp\/v2\/pages\/2","targetHints":{"allow":["GET"]}}],"collection":[{"href":"http:\/\/alliancechinoise.fr\/index.php\/wp-json\/wp\/v2\/pages"}],"about":[{"href":"http:\/\/alliancechinoise.fr\/index.php\/wp-json\/wp\/v2\/types\/page"}],"author":[{"embeddable":true,"href":"http:\/\/alliancechinoise.fr\/index.php\/wp-json\/wp\/v2\/users\/1"}],"replies":[{"embeddable":true,"href":"http:\/\/alliancechinoise.fr\/index.php\/wp-json\/wp\/v2\/comments?post=2"}],"version-history":[{"count":4,"href":"http:\/\/alliancechinoise.fr\/index.php\/wp-json\/wp\/v2\/pages\/2\/revisions"}],"predecessor-version":[{"id":203,"href":"http:\/\/alliancechinoise.fr\/index.php\/wp-json\/wp\/v2\/pages\/2\/revisions\/203"}],"wp:attachment":[{"href":"http:\/\/alliancechinoise.fr\/index.php\/wp-json\/wp\/v2\/media?parent=2"}],"curies":[{"name":"wp","href":"https:\/\/api.w.org\/{rel}","templated":true}]}}