{"id":19,"date":"2024-05-27T09:45:57","date_gmt":"2024-05-27T07:45:57","guid":{"rendered":"http:\/\/alliancechinoise.fr\/?page_id=19"},"modified":"2025-01-13T17:21:43","modified_gmt":"2025-01-13T16:21:43","slug":"formation","status":"publish","type":"page","link":"http:\/\/alliancechinoise.fr\/index.php\/formation\/","title":{"rendered":"Formation"},"content":{"rendered":"\n<figure class=\"wp-block-video\"><video height=\"314\" style=\"aspect-ratio: 850 \/ 314;\" width=\"850\" controls src=\"http:\/\/alliancechinoise.fr\/wp-content\/uploads\/2025\/01\/Photographie-Studio-Facebook-Couverture.mp4\"><\/video><\/figure>\n\n\n\n<div class=\"wp-block-group alignfull has-base-background-color has-background has-global-padding is-layout-constrained wp-container-core-group-is-layout-d89aad35 wp-block-group-is-layout-constrained\" style=\"margin-top:0;margin-bottom:0;padding-top:var(--wp--preset--spacing--50);padding-right:var(--wp--preset--spacing--50);padding-bottom:var(--wp--preset--spacing--50);padding-left:var(--wp--preset--spacing--50)\">\n<h3 class=\"wp-block-heading\"><strong>Pourquoi apprendre le chinois avec nous ?<\/strong><\/h3>\n\n\n\n<div class=\"wp-block-columns alignwide are-vertically-aligned-center is-layout-flex wp-container-core-columns-is-layout-549b0c86 wp-block-columns-is-layout-flex\">\n<div class=\"wp-block-column is-layout-flow wp-block-column-is-layout-flow\">\n<h4 class=\"wp-block-heading\"><strong>1. Une p\u00e9dagogie de qualit\u00e9<\/strong><\/h4>\n\n\n\n<ul class=\"wp-block-list\">\n<li><strong>Professeurs natifs<\/strong> : Passionn\u00e9s et exp\u00e9riment\u00e9s, nos enseignants vous guideront pas \u00e0 pas.<\/li>\n\n\n\n<li><strong>M\u00e9thodes modernes<\/strong> : Apprentissage interactif pour progresser efficacement \u00e0 l\u2019oral comme \u00e0 l\u2019\u00e9crit.<\/li>\n\n\n\n<li><strong>Adaptation \u00e0 votre niveau<\/strong> : D\u00e9butant, interm\u00e9diaire ou avanc\u00e9, chaque apprenant re\u00e7oit une attention personnalis\u00e9e.<\/li>\n<\/ul>\n\n\n\n<h4 class=\"wp-block-heading\"><strong>2. Des cours pour tous les profils<\/strong><\/h4>\n\n\n\n<ul class=\"wp-block-list\">\n<li><strong>Particuliers<\/strong> : Adultes, adolescents et enfants, nos formations s\u2019adaptent \u00e0 toutes les tranches d\u2019\u00e2ge.<\/li>\n\n\n\n<li><strong>Professionnels<\/strong> : Des modules sp\u00e9cialis\u00e9s pour le chinois des affaires, adapt\u00e9 \u00e0 votre secteur (commerce, tourisme, technologie, etc.).<\/li>\n<\/ul>\n\n\n\n<h4 class=\"wp-block-heading\"><strong>3. Une immersion dans la culture chinoise<\/strong><\/h4>\n\n\n\n<ul class=\"wp-block-list\">\n<li>Compl\u00e9tez vos cours de langue avec nos <strong><a href=\"http:\/\/alliancechinoise.fr\/index.php\/ateliers\/\" data-type=\"page\" data-id=\"23\">ateliers<\/a> th\u00e9matiques<\/strong> :\n<ul class=\"wp-block-list\">\n<li>Calligraphie chinoise.<\/li>\n\n\n\n<li>Cuisine traditionnelle.<\/li>\n\n\n\n<li>Art du th\u00e9 et de l&#8217;encens chinois.<\/li>\n\n\n\n<li>D\u00e9couverte de la philosophie et de l\u2019histoire chinoises.<\/li>\n<\/ul>\n<\/li>\n<\/ul>\n\n\n\n<div class=\"wp-block-buttons is-layout-flex wp-block-buttons-is-layout-flex\">\n<div class=\"wp-block-button\"><a class=\"wp-block-button__link wp-element-button\" href=\"http:\/\/alliancechinoise.fr\/index.php\/ateliers\/\" target=\"_blank\" rel=\"noreferrer noopener\">Voir les ateliers<\/a><\/div>\n<\/div>\n\n\n\n<figure class=\"wp-block-image aligncenter size-large\"><img loading=\"lazy\" decoding=\"async\" width=\"682\" height=\"1024\" src=\"http:\/\/alliancechinoise.fr\/wp-content\/uploads\/2025\/01\/Formation-sur-mesure-1-682x1024.png\" alt=\"\" class=\"wp-image-261\" srcset=\"http:\/\/alliancechinoise.fr\/wp-content\/uploads\/2025\/01\/Formation-sur-mesure-1-682x1024.png 682w, http:\/\/alliancechinoise.fr\/wp-content\/uploads\/2025\/01\/Formation-sur-mesure-1-200x300.png 200w, http:\/\/alliancechinoise.fr\/wp-content\/uploads\/2025\/01\/Formation-sur-mesure-1-768x1152.png 768w, http:\/\/alliancechinoise.fr\/wp-content\/uploads\/2025\/01\/Formation-sur-mesure-1-1024x1536.png 1024w, http:\/\/alliancechinoise.fr\/wp-content\/uploads\/2025\/01\/Formation-sur-mesure-1.png 1333w\" sizes=\"auto, (max-width: 682px) 100vw, 682px\" \/><\/figure>\n\n\n\n<h2 class=\"wp-block-heading has-text-align-center\">Nos formules de cours<\/h2>\n\n\n\n<p class=\"has-text-align-center\">**<strong>Cours pour les particuliers <\/strong><\/p>\n\n\n\n<p>\u25aa&nbsp;Un enseignement personnalis\u00e9 pour des objectifs sp\u00e9cifiques. <\/p>\n\n\n\n<p>\u25aa&nbsp;Adapt\u00e9 \u00e0 votre rythme et \u00e0 vos disponibilit\u00e9s.<\/p>\n\n\n\n<div class=\"wp-block-buttons is-content-justification-center is-layout-flex wp-container-core-buttons-is-layout-a89b3969 wp-block-buttons-is-layout-flex\">\n<div class=\"wp-block-button\"><a class=\"wp-block-button__link wp-element-button\" href=\"#niveaudelangue\">En savoir plus<\/a><\/div>\n<\/div>\n\n\n\n<p class=\"has-text-align-center\">**<strong>Cours pour les entreprises <\/strong><\/p>\n\n\n\n<p>\u25aa&nbsp;Modules sp\u00e9ciaux pour les entreprises et les individus souhaitant utiliser le chinois dans un contexte professionnel. <\/p>\n\n\n\n<p>\u25aa&nbsp;Focus sur le vocabulaire sp\u00e9cifique \u00e0 votre secteur d\u2019activit\u00e9 (commerce, tourisme, technologies, etc.).<\/p>\n\n\n\n<div class=\"wp-block-buttons is-content-justification-center is-layout-flex wp-container-core-buttons-is-layout-a89b3969 wp-block-buttons-is-layout-flex\">\n<div class=\"wp-block-button\"><a class=\"wp-block-button__link wp-element-button\" href=\"http:\/\/alliancechinoise.fr\/index.php\/formation_professionnelle\/\">Formation professionnelle <\/a><\/div>\n<\/div>\n\n\n\n<figure class=\"wp-block-image size-large\"><img loading=\"lazy\" decoding=\"async\" width=\"1024\" height=\"347\" src=\"http:\/\/alliancechinoise.fr\/wp-content\/uploads\/2025\/01\/\u5c4f\u5e55\u622a\u56fe-2025-01-11-092819-1-1024x347.png\" alt=\"\" class=\"wp-image-320\" srcset=\"http:\/\/alliancechinoise.fr\/wp-content\/uploads\/2025\/01\/\u5c4f\u5e55\u622a\u56fe-2025-01-11-092819-1-1024x347.png 1024w, http:\/\/alliancechinoise.fr\/wp-content\/uploads\/2025\/01\/\u5c4f\u5e55\u622a\u56fe-2025-01-11-092819-1-300x102.png 300w, http:\/\/alliancechinoise.fr\/wp-content\/uploads\/2025\/01\/\u5c4f\u5e55\u622a\u56fe-2025-01-11-092819-1-768x260.png 768w, http:\/\/alliancechinoise.fr\/wp-content\/uploads\/2025\/01\/\u5c4f\u5e55\u622a\u56fe-2025-01-11-092819-1-1536x520.png 1536w, http:\/\/alliancechinoise.fr\/wp-content\/uploads\/2025\/01\/\u5c4f\u5e55\u622a\u56fe-2025-01-11-092819-1.png 1781w\" sizes=\"auto, (max-width: 1024px) 100vw, 1024px\" \/><\/figure>\n\n\n\n<h2 class=\"wp-block-heading has-text-align-center\" id=\"niveaudelangue\"><strong>Niveau de langue<\/strong><\/h2>\n\n\n\n<p class=\"has-text-align-center\">Selon votre niveau de comp\u00e9tence en chinois, vous pouvez cliquer sur le bouton ci-dessous pour s\u00e9lectionner les informations de formation correspondant \u00e0 votre niveau.<\/p>\n\n\n\n<div class=\"wp-block-buttons is-content-justification-center is-layout-flex wp-container-core-buttons-is-layout-a89b3969 wp-block-buttons-is-layout-flex\">\n<div class=\"wp-block-button\"><a class=\"wp-block-button__link wp-element-button\" href=\"http:\/\/alliancechinoise.fr\/index.php\/debutant\/\">D\u00e9butants<\/a><\/div>\n\n\n\n<div class=\"wp-block-button\"><a class=\"wp-block-button__link wp-element-button\" href=\"http:\/\/alliancechinoise.fr\/index.php\/intermediaire\/\">Interm\u00e9diaires<\/a><\/div>\n\n\n\n<div class=\"wp-block-button\"><a class=\"wp-block-button__link wp-element-button\" href=\"http:\/\/alliancechinoise.fr\/index.php\/avance-2\/\">Avanc\u00e9s <\/a><\/div>\n<\/div>\n\n\n\n<figure class=\"wp-block-image size-large\"><img loading=\"lazy\" decoding=\"async\" width=\"1024\" height=\"456\" src=\"http:\/\/alliancechinoise.fr\/wp-content\/uploads\/2025\/01\/\u5c4f\u5e55\u622a\u56fe-2025-01-10-201946-3-1024x456.png\" alt=\"\" class=\"wp-image-302\" srcset=\"http:\/\/alliancechinoise.fr\/wp-content\/uploads\/2025\/01\/\u5c4f\u5e55\u622a\u56fe-2025-01-10-201946-3-1024x456.png 1024w, http:\/\/alliancechinoise.fr\/wp-content\/uploads\/2025\/01\/\u5c4f\u5e55\u622a\u56fe-2025-01-10-201946-3-300x134.png 300w, http:\/\/alliancechinoise.fr\/wp-content\/uploads\/2025\/01\/\u5c4f\u5e55\u622a\u56fe-2025-01-10-201946-3-768x342.png 768w, http:\/\/alliancechinoise.fr\/wp-content\/uploads\/2025\/01\/\u5c4f\u5e55\u622a\u56fe-2025-01-10-201946-3-1536x684.png 1536w, http:\/\/alliancechinoise.fr\/wp-content\/uploads\/2025\/01\/\u5c4f\u5e55\u622a\u56fe-2025-01-10-201946-3.png 1796w\" sizes=\"auto, (max-width: 1024px) 100vw, 1024px\" \/><\/figure>\n\n\n\n<h2 class=\"wp-block-heading has-text-align-center\"><strong>Pr\u00e9paration au HSK :<\/strong><\/h2>\n\n\n\n<p class=\"has-text-align-center\">Pr\u00e9parez-vous efficacement aux examens officiels HSK (niveaux 1 \u00e0 6).<\/p>\n\n\n\n<p class=\"has-text-align-center\">Familiarisation avec le format des \u00e9preuves et les exigences de chaque niveau.<\/p>\n\n\n\n<p class=\"has-text-align-center\">Techniques pour am\u00e9liorer la gestion du temps et la pr\u00e9cision des r\u00e9ponses.<\/p>\n\n\n\n<p class=\"has-text-align-center\">\u00c9valuations r\u00e9guli\u00e8res pour suivre votre progression et renforcer vos comp\u00e9tences.<\/p>\n<\/div>\n<\/div>\n\n\n\n<div class=\"wp-block-buttons is-content-justification-center is-layout-flex wp-container-core-buttons-is-layout-a89b3969 wp-block-buttons-is-layout-flex\">\n<div class=\"wp-block-button\"><a class=\"wp-block-button__link wp-element-button\" href=\"http:\/\/alliancechinoise.fr\/index.php\/preparation-au-hsk\/\">Pr\u00e9paration au HSK<\/a><\/div>\n<\/div>\n\n\n\n<figure class=\"wp-block-image size-full\"><img loading=\"lazy\" decoding=\"async\" width=\"851\" height=\"315\" src=\"http:\/\/alliancechinoise.fr\/wp-content\/uploads\/2025\/01\/Photographie-Studio-Facebook-Couverture.png\" alt=\"\" class=\"wp-image-250\" srcset=\"http:\/\/alliancechinoise.fr\/wp-content\/uploads\/2025\/01\/Photographie-Studio-Facebook-Couverture.png 851w, http:\/\/alliancechinoise.fr\/wp-content\/uploads\/2025\/01\/Photographie-Studio-Facebook-Couverture-300x111.png 300w, http:\/\/alliancechinoise.fr\/wp-content\/uploads\/2025\/01\/Photographie-Studio-Facebook-Couverture-768x284.png 768w\" sizes=\"auto, (max-width: 851px) 100vw, 851px\" \/><\/figure>\n\n\n\n<h2 class=\"wp-block-heading has-text-align-center\">Informations pratiques<\/h2>\n\n\n\n<ul class=\"wp-block-list\">\n<li><strong>Dur\u00e9e des cours<\/strong> : S\u00e9ances hebdomadaires ou intensives selon votre choix.<\/li>\n\n\n\n<li><strong>Horaires<\/strong> : En journ\u00e9e, en soir\u00e9e ou le week-end pour s&#8217;adapter \u00e0 votre emploi du temps.<\/li>\n\n\n\n<li><strong>Lieu<\/strong> :\n<ul class=\"wp-block-list\">\n<li>Pr\u00e9sentiel : \u00e0 voir.<\/li>\n\n\n\n<li>En ligne : via une plateforme interactive d\u00e9di\u00e9e.<\/li>\n<\/ul>\n<\/li>\n\n\n\n<li><strong>Tarifs<\/strong> : Formules adapt\u00e9es \u00e0 tous les budgets. <\/li>\n<\/ul>\n\n\n\n<p class=\"has-text-align-center\"><strong>Contactez-nous pour un devis personnalis\u00e9<\/strong>!<\/p>\n\n\n\n<div class=\"wp-block-group alignfull has-global-padding is-layout-constrained wp-container-core-group-is-layout-d89aad35 wp-block-group-is-layout-constrained\" style=\"margin-top:0;margin-bottom:0;padding-top:var(--wp--preset--spacing--50);padding-right:var(--wp--preset--spacing--50);padding-bottom:var(--wp--preset--spacing--50);padding-left:var(--wp--preset--spacing--50)\">\n<div class=\"wp-block-buttons alignwide is-content-justification-center is-layout-flex wp-container-core-buttons-is-layout-a89b3969 wp-block-buttons-is-layout-flex\">\n<div class=\"wp-block-button\"><a class=\"wp-block-button__link has-text-align-center wp-element-button\" href=\"https:\/\/forms.gle\/87YtSevHX4LL58HP6\" target=\"_blank\" rel=\"noreferrer noopener\">Inscription en ligne<\/a><\/div>\n<\/div>\n<\/div>\n<\/div>\n","protected":false},"excerpt":{"rendered":"<p>Pourquoi apprendre le chinois avec nous ? 1. Une p\u00e9dagogie de qualit\u00e9 2. Des cours pour tous les profils 3. Une immersion dans la culture chinoise Nos formules de cours **Cours pour les particuliers \u25aa&nbsp;Un enseignement personnalis\u00e9 pour des objectifs sp\u00e9cifiques. \u25aa&nbsp;Adapt\u00e9 \u00e0 votre rythme et \u00e0 vos disponibilit\u00e9s. **Cours pour les entreprises \u25aa&nbsp;Modules sp\u00e9ciaux [&hellip;]<\/p>\n","protected":false},"author":1,"featured_media":0,"parent":0,"menu_order":0,"comment_status":"closed","ping_status":"closed","template":"","meta":{"footnotes":""},"class_list":["post-19","page","type-page","status-publish","hentry"],"_links":{"self":[{"href":"http:\/\/alliancechinoise.fr\/index.php\/wp-json\/wp\/v2\/pages\/19","targetHints":{"allow":["GET"]}}],"collection":[{"href":"http:\/\/alliancechinoise.fr\/index.php\/wp-json\/wp\/v2\/pages"}],"about":[{"href":"http:\/\/alliancechinoise.fr\/index.php\/wp-json\/wp\/v2\/types\/page"}],"author":[{"embeddable":true,"href":"http:\/\/alliancechinoise.fr\/index.php\/wp-json\/wp\/v2\/users\/1"}],"replies":[{"embeddable":true,"href":"http:\/\/alliancechinoise.fr\/index.php\/wp-json\/wp\/v2\/comments?post=19"}],"version-history":[{"count":36,"href":"http:\/\/alliancechinoise.fr\/index.php\/wp-json\/wp\/v2\/pages\/19\/revisions"}],"predecessor-version":[{"id":346,"href":"http:\/\/alliancechinoise.fr\/index.php\/wp-json\/wp\/v2\/pages\/19\/revisions\/346"}],"wp:attachment":[{"href":"http:\/\/alliancechinoise.fr\/index.php\/wp-json\/wp\/v2\/media?parent=19"}],"curies":[{"name":"wp","href":"https:\/\/api.w.org\/{rel}","templated":true}]}}